{"id":148,"date":"2018-06-04T09:50:43","date_gmt":"2018-06-04T09:50:43","guid":{"rendered":"http:\/\/silvestertester.de\/?page_id=148"},"modified":"2018-06-04T09:50:43","modified_gmt":"2018-06-04T09:50:43","slug":"datenschutz","status":"publish","type":"page","link":"https:\/\/silvestertester.de\/?page_id=148","title":{"rendered":"Datenschutz"},"content":{"rendered":"<p><b>Datenschutzerkl\u00e4rung<\/b><\/p>\n<p><b>Anbieter und verantwortliche Stelle im Sinne des Datenschutzgesetzes<\/b><\/p>\n<p>Sigrid Berndt<br \/>\nGrimmaer Strasse 57<br \/>\n04683 Belgershain<\/p>\n<p><b>Geltungsbereich<\/b><\/p>\n<p>Nutzer erhalten mit dieser Datenschutzerkl\u00e4rung Information \u00fcber die Art, den Umfang und Zweck der Erhebung und Verwendung ihrer Daten durch den verantwortlichen Anbieter erhoben und verwendet werden.<\/p>\n<p>Den rechtlichen Rahmen f\u00fcr den Datenschutz bilden das Bundesdatenschutzgesetz (BDSG) und das Telemediengesetz (TMG).<\/p>\n<p><b>Erfassung allgemeiner Informationen<\/b><\/p>\n<p>Mit jedem Zugriff auf dieses Angebot werden durch uns bzw. den Webspace-Provider automatisch Informationen erfasst. Diese Informationen, auch als Server-Logfiles bezeichnet, sind allgemeiner Natur und erlauben keine R\u00fcckschl\u00fcsse auf Ihre Person.<\/p>\n<p>Erfasst werden unter anderem: Name der Webseite, Datei, Datum, Datenmenge, Webbrowser und Webbrowser-Version, Betriebssystem, der Domainname Ihres Internet-Providers, die sogenannte Referrer-URL (jene Seite, von der aus Sie auf unser Angebot zugegriffen haben) und die IP-Adresse.<\/p>\n<p>Ohne diese Daten w\u00e4re es technisch teils nicht m\u00f6glich, die Inhalte der Webseite auszuliefern und darzustellen. Insofern ist die Erfassung der Daten zwingend notwendig. Dar\u00fcber hinaus verwenden wir die anonymen Informationen f\u00fcr statistische Zwecke. Sie helfen uns bei der Optimierung des Angebots und der Technik. Wir behalten uns zudem das Recht vor, die Log-Files bei Verdacht auf eine rechtswidrige Nutzung unseres Angebotes nachtr\u00e4glich zu kontrollieren.<\/p>\n<p><b>Erbringung kostenpflichtiger Leistungen<\/b><\/p>\n<p>Damit wir kostenpflichtige Leistungen erbringen k\u00f6nnen, fragen wir zus\u00e4tzliche Daten ab. Das gilt zum Beispiel f\u00fcr die Angaben zur Zahlung.<\/p>\n<p>Damit die Sicherheit Ihrer Daten w\u00e4hrend der \u00dcbertragung gew\u00e4hrleistet ist, arbeiten wir mit Verschl\u00fcsselungsverfahren (etwa SSL) \u00fcber HTTPS, die den aktuellen Stand der Technik widerspiegeln.<\/p>\n<p><b>Kommentarfunktion<\/b><\/p>\n<p>Werden Kommentare oder sonstige Beitr\u00e4ge auf unserem Angebot verfasst und ver\u00f6ffentlicht, speichern wir die IP-Adresse, den Nutzernamen und den Zeitpunkt der Erstellung. Diese Daten werden aus Sicherheitsgr\u00fcnden erhoben, da der Anbieter f\u00fcr rechtswidrige Inhalte (verbotene Propaganda, Beleidigungen u.a.) belangt werden kann, auch wenn sie von dritter Seite erstellt wurden. In einem solchen Fall dienen die Informationen dazu, die Identit\u00e4t des Verfassers zu ermitteln.<\/p>\n<p><b>Newsletter<\/b><\/p>\n<p>Melden Sie sich f\u00fcr unseren Newsletter an, verwenden wir die von Ihnen eingegebenen Daten ausschlie\u00dflich f\u00fcr diesen Zweck oder um sie \u00fcber die f\u00fcr diesen Dienst oder die Registrierung relevanten Umst\u00e4nde zu informieren. Diese Daten geben wir nicht an Dritte weiter.<\/p>\n<p>F\u00fcr den Empfang des Newsletters bedarf es einer validen (g\u00fcltigen) E-Mail-Adresse. Gespeichert werden zudem die IP-Adresse, \u00fcber die Sie sich f\u00fcr den Newsletter anmelden und das Datum, an dem Sie den Newsletter bestellen. Diese Daten dienen uns als Nachweis bei Missbrauch, falls eine fremde E-Mail-Adresse f\u00fcr den Newsletter angemeldet wird. Um dar\u00fcber hinaus sicherzustellen, dass eine E-Mail-Adresse nicht missbr\u00e4uchlich durch Dritte in unseren Verteiler eingetragen wird, arbeiten wir gesetzeskonform mit dem sogenannten \u201eDouble-Opt-In\u201c-Verfahren. Im Rahmen dieses Verfahren werden die Bestellung des Newsletters, der Versand der Best\u00e4tigungsmail und der Erhalt der Anmeldebest\u00e4tigung protokolliert.<\/p>\n<p>Sie haben jederzeit die M\u00f6glichkeit, Ihre Einwilligung zur Speicherung der Daten, Ihrer E-Mail-Adresse und deren Nutzung f\u00fcr den Newsletter-Versand zu widerrufen. F\u00fcr den Widerruf stellen wir Ihnen in jedem Newsletter und auf der Webseite einen Link zur Verf\u00fcgung. Sie haben au\u00dferdem die M\u00f6glichkeit, uns Ihren Widerrufswunsch \u00fcber die in diesem Dokument genannten Kontaktm\u00f6glichkeiten mitzuteilen.<\/p>\n<p><b>Kontaktformular<\/b><\/p>\n<p>Wenn Sie uns \u00fcber das Onlineformular oder per E-Mail kontaktieren, speichern wir die von Ihnen gemachten Angaben, um Ihre Anfrage beantworten und m\u00f6gliche Anschlussfragen stellen zu k\u00f6nnen.<\/p>\n<p><b>Einbindung von Diensten und Inhalten Dritter<\/b><\/p>\n<p>Unser Angebot umfasst mitunter Inhalte, Dienste und Leistungen anderer Anbieter. Das sind zum Beispiel Karten, die von Google-Maps zur Verf\u00fcgung gestellt werden, Videos von YouTube sowie Grafiken und Bilder anderer Webseiten. Damit diese Daten im Browser des Nutzers aufgerufen und dargestellt werden k\u00f6nnen, ist die \u00dcbermittlung der IP-Adresse zwingend notwendig. Die Anbieter (im Folgenden als \u201eDritt-Anbieter\u201c bezeichnet) nehmen also die IP-Adresse des jeweiligen Nutzers wahr.<\/p>\n<p>Auch wenn wir bem\u00fcht sind, ausschlie\u00dflich Dritt-Anbieter zu nutzen, welche die IP-Adresse nur ben\u00f6tigen, um Inhalte ausliefern zu k\u00f6nnen, haben wir keinen Einfluss darauf, ob die IP-Adresse m\u00f6glicherweise gespeichert wird. Dieser Vorgang dient in dem Fall unter anderem statistischen Zwecken. Sofern wir Kenntnis davon haben, dass die IP-Adresse gespeichert wird, weisen wir unsere Nutzer darauf hin.<\/p>\n<p><b>Cookies<\/b><\/p>\n<p>Diese Webseite verwendet sogenannte Cookies. Das sind Textdateien, die vom Server aus auf Ihrem Rechner gespeichert werden. Sie enthalten Informationen zum Browser, zur IP-Adresse, dem Betriebssystem und zur Internetverbindung. Diese Daten werden von uns nicht an Dritte weitergegeben oder ohne ihre Zustimmung mit personenbezogenen Daten verkn\u00fcpft.<\/p>\n<p>Cookies erf\u00fcllen vor allem zwei Aufgaben. Sie helfen uns, Ihnen die Navigation durch unser Angebot zu erleichtern, und erm\u00f6glichen die korrekte Darstellung der Webseite. Sie werden nicht dazu genutzt, Viren einzuschleusen oder Programme zu starten.<\/p>\n<p>Nutzer haben die M\u00f6glichkeit, unser Angebot auch ohne Cookies aufzurufen. Dazu m\u00fcssen im Browser die entsprechenden Einstellungen ge\u00e4ndert werden. Informieren Sie sich bitte \u00fcber die Hilfsfunktion Ihres Browsers, wie Cookies deaktiviert werden. Wir weisen allerdings darauf hin, dass dadurch einige Funktionen dieser Webseite m\u00f6glicherweise beeintr\u00e4chtigt werden und der Nutzungskomfort eingeschr\u00e4nkt wird. Die Seiten <a href=\"http:\/\/www.aboutads.info\/choices\/\">http:\/\/www.aboutads.info\/choices\/<\/a> (USA) und <a href=\"http:\/\/www.youronlinechoices.com\/uk\/your-ad-choices\/\">http:\/\/www.youronlinechoices.com\/uk\/your-ad-choices\/<\/a> (Europa) erlauben es Ihnen, Online-Anzeigen-Cookies zu verwalten.<\/p>\n<p><b>Verwendung von Google Analytics<\/b><\/p>\n<p>Diese Webseite benutzt Google Analytics, einen Webanalysedienst der Google Inc. (\u201cGoogle\u201d). Google Analytics verwendet sog. \u201cCookies\u201d, Textdateien, die auf Ihrem Computer gespeichert werden und die eine Analyse der Benutzung der Webseite durch Sie erm\u00f6glichen. Die durch den Cookie erzeugten Informationen \u00fcber Ihre Benutzung dieser Webseite werden in der Regel an einen Server von Google in den USA \u00fcbertragen und dort gespeichert. Aufgrund der Aktivierung der IP-Anonymisierung auf diesen Webseiten, wird Ihre IP-Adresse von Google jedoch innerhalb von Mitgliedstaaten der Europ\u00e4ischen Union oder in anderen Vertragsstaaten des Abkommens \u00fcber den Europ\u00e4ischen Wirtschaftsraum zuvor gek\u00fcrzt. Nur in Ausnahmef\u00e4llen wird die volle IP-Adresse an einen Server von Google in den USA \u00fcbertragen und dort gek\u00fcrzt.<\/p>\n<p>Im Auftrag des Betreibers dieser Webseite wird Google diese Informationen benutzen, um Ihre Nutzung der Webseite auszuwerten, um Reports \u00fcber die Webseitenaktivit\u00e4ten zusammenzustellen und um weitere mit der Webseitennutzung und der Internetnutzung verbundene Dienstleistungen gegen\u00fcber dem Webseitenbetreiber zu erbringen. Die im Rahmen von Google Analytics von Ihrem Browser \u00fcbermittelte IP-Adresse wird nicht mit anderen Daten von Google zusammengef\u00fchrt. Sie k\u00f6nnen die Speicherung der Cookies durch eine entsprechende Einstellung Ihrer Browser-Software verhindern. Wir weisen Sie jedoch darauf hin, dass Sie in diesem Fall gegebenenfalls nicht s\u00e4mtliche Funktionen dieser Webseite vollumf\u00e4nglich werden nutzen k\u00f6nnen.<\/p>\n<p>Sie k\u00f6nnen dar\u00fcber hinaus die Erfassung der durch das Cookie erzeugten und auf Ihre Nutzung der Webseite bezogenen Daten (inkl. Ihrer IP-Adresse) an Google sowie die Verarbeitung dieser Daten durch Google verhindern, indem sie das unter dem folgenden Link verf\u00fcgbare Browser-Plugin herunterladen und installieren: <a href=\"http:\/\/tools.google.com\/dlpage\/gaoptout?hl=de\">Browser Add On zur Deaktivierung von Google Analytics<\/a>.<\/p>\n<p>N\u00e4here Informationen zu Nutzungsbedingungen und Datenschutz finden Sie unter <a href=\"http:\/\/www.google.com\/analytics\/terms\/de.html\">http:\/\/www.google.com\/analytics\/terms\/de.html<\/a> bzw. unter <a href=\"https:\/\/www.google.de\/intl\/de\/policies\/\">https:\/\/www.google.de\/intl\/de\/policies\/<\/a>.<\/p>\n<p><b>Verwendung von Piwik<\/b><\/p>\n<p>Diese Webseite nutzt Piwik, eine Open-Source-Software, die Daten sammelt und speichert. Diese Informationen dienen Marketing- und Optimierungszwecken. Piwik erstellt dazu aus den Daten Nutzungsprofile mit einem Pseudonym. F\u00fcr diese Zwecke speichert die Software auf Ihrem Computer Cookies (Textdateien), anhand derer die Nutzung der Webseite durch Sie analysiert werden kann. Ihre IP-Adresse wird dabei sofort nach der Verarbeitung und vor der Speicherung anonymisiert. Die Daten werden auf den Servern des Anbieters in Deutschland hinterlegt.<\/p>\n<p>Wenn Sie nicht m\u00f6chten, dass Piwik Cookies speichert, haben Sie die M\u00f6glichkeit, \u00fcber die Einstellungen Ihres Browser die Installation von Cookies zu unterbinden (Informationen dazu finden Sie in der Hilfefunktion des Browsers). In diesem Fall k\u00f6nnen Sie m\u00f6glicherweise nicht alle Funktionen des Angebots nutzen.<\/p>\n<p><b>Facebook Social Plug-in<\/b><\/p>\n<p>Wir binden auf unseren Webseiten Plug-ins des sozialen Netzwerks Facebook (Anschrift: 1601 South California Avenue, Palo Alto, CA 94304, USA) ein. Sie erkennen die Plug-ins &#8211; eine \u00dcbersicht finden Sie hier: <a href=\"http:\/\/developers.facebook.com\/docs\/plugins\/\">http:\/\/developers.facebook.com\/docs\/Plug-ins\/<\/a> &#8211; am Like-Button (Gef\u00e4llt mir) oder am Logo von Facebook.<\/p>\n<p>Rufen Sie eine unserer Webseiten mit Facebook Plug-in auf, wird eine direkte Verbindung mit Facebook aufgebaut. Auf die Art und den Umfang der Daten, die dabei von Facebook erhoben, gespeichert und verarbeitet werden, haben wir keinen Einfluss. Wir k\u00f6nnen Sie lediglich entsprechend unseres Kenntnisstandes informieren.<\/p>\n<p>Facebook wird \u00fcber das Plug-in informiert, dass Sie die entsprechende Webseite unseres Angebots aufgerufen haben. Das gilt auch f\u00fcr Nutzer, die nicht bei Facebook registriert sind. In dem Fall besteht die M\u00f6glichkeit, dass Facebook die IP-Adresse speichert.<\/p>\n<p>Sind Sie Mitglied bei Facebook und eingeloggt, kann der Aufruf einer Webseite mit Facebook Plug-in Ihrem Nutzerkonto bei Facebook eindeutig zugeordnet werden. Dar\u00fcber hinaus \u00fcbermitteln die Plug-ins alle Interaktionen, wenn Sie zum Beispiel den Like-Button nutzen oder einen Kommentar hinterlassen.<\/p>\n<p>Um zu verhindern, dass Facebook Daten \u00fcber Sie speichert, loggen Sie sich vor dem Besuch unserer Webseiten bitte bei Facebook aus. Sie k\u00f6nnen die Plug-ins dar\u00fcber hinaus mit Add-ons f\u00fcr den Browser blocken (zum Beispiel \u201eFacebook Blocker\u201c).<\/p>\n<p>Informationen zu den Datenschutzbestimmungen, dem Zweck und Umfang der Datenerfassung und Datenverarbeitung sowie den Einstellm\u00f6glichkeiten zum Schutz der Privatsph\u00e4re bei Facebook erhalten Sie hier: http:\/\/www.facebook.com\/privacy\/explanation.php.<\/p>\n<p><b>Google+ Social Plug-in<\/b><\/p>\n<p>Wir binden auf unseren Webseiten das Social Plug-in von Google+ (Google plus) ein, zu erkennen am \u201e+1\u201c Zeichen auf wei\u00dfem oder farbigem Hintergrund. Zur Verf\u00fcgung gestellt wird das Plug-in von Google Inc. (kurz Google, Anschrift: 1600 Amphitheatre Parkway, Mountain View, CA 94043, USA).<\/p>\n<p>Beim Aufruf einer Webseite mit Google+ Schaltfl\u00e4che wird eine Verbindung zu den Servern von Google aufgebaut. Google \u00fcbermittelt dabei den Inhalt der Schaltfl\u00e4che und bindet diesen auf der entsprechenden Webseite ein. Gleichzeitig erh\u00e4lt Google die Information, welche Seite gerade aufgerufen wurde. Personenbezogene Daten werden nach Aussage von Google erst dann erhoben, wenn auf die Schaltfl\u00e4che von Google+ geklickt wird. F\u00fcr Mitglieder von Google+, die eingeloggt sind, gilt: Auch ohne Interaktion speichert und verarbeitet Google zumindest die IP-Adresse. Auf den Umfang der Daten, die in diesem Zusammenhang gespeichert werden, haben wir keinen Einfluss.<\/p>\n<p>Nutzer von Google+, die in ihren Account eingeloggt sind, k\u00f6nnen unsere Webseiten mit einem Klick auf den \u201e+1\u201c-Button empfehlen. Google speichert in dem Fall nicht nur die IP-Adresse und den Browser, sondern auch den Inhalt, f\u00fcr den +1 gegeben wurde, und die Seite. Diese Informationen werden im Profil des Nutzers gespeichert und k\u00f6nnen zusammen mit dem Profilnamen und dem Bild des Nutzers in Google Diensten, zu denen auch die Suchergebnisse z\u00e4hlen, eingeblendet werden. Google nutzt die Daten unter anderem, um die eigenen Dienste zu optimieren. Hinweise zu den Datenschutzbestimmungen von Google und den Einstellm\u00f6glichkeiten zum Schutz der Privatsph\u00e4re finden Sie hier: http:\/\/www.google.de\/intl\/de\/policies\/privacy\/.<\/p>\n<p>Mitgliedern von Google Plus, die nicht m\u00f6chten, dass \u00fcber unsere Webseiten Daten von ihnen gesammelt und gespeichert werden, loggen sich vor dem Besuch unseres Angebots bitte aus ihrem Google+ Konto aus.<\/p>\n<p><b>Twitter Social Plugin<\/b><\/p>\n<p>Dieses Angebot nutzt Funktionen des Dienstes Twitter. Dieser wird durch die Twitter Inc., 1355 Market St, Suite 900, San Francisco, CA 94103, USA bereitgestellt. Twitter bietet die sog. \u201eTweet\u201c &#8211; Funktion an. Wenn Sie die Funktion von Twitter auf unseren Webseiten nutzen, werden die von Ihnen besuchten Webseiten mit Ihrem Twitter-Account verkn\u00fcpft und ggf. anderen Nutzern bekannt gegeben. Hierbei werden auch Daten an Twitter \u00fcbertragen.<\/p>\n<p>Von dem Inhalt der \u00fcbermittelten Daten und deren Nutzung durch Twitter erhalten wir als Anbieter keine Kenntnis. Weitere Informationen hierzu finden Sie in der Datenschutzerkl\u00e4rung von Twitter unter <a href=\"http:\/\/twitter.com\/privacy\">http:\/\/twitter.com\/privacy<\/a>.Twitter bietet Ihnen unter nachfolgendem Link die M\u00f6glichkeit, Ihre Datenschutzeinstellungen selbst festzulegen: <a href=\"http:\/\/twitter.com\/account\/settings\">http:\/\/twitter.com\/account\/settings<\/a>.<\/p>\n<p><b>Tumblr Social Plugin<\/b><\/p>\n<p>Auf unseren Webseiten ist das Plug-in von Tumblr integriert. Zur Verf\u00fcgung gestellt wird das Plug-in von Tumblr Inc. (Anschrift: 3 East 21st St, 10th Floor, New York, NY 10010, USA, <a href=\"mailto:hilfe@tumblr.com\">hilfe@tumblr.com<\/a>). Zu erkennen sind die Plug-ins am Begriff \u201eTumblr\u201c. Sie k\u00f6nnen uns mithilfe des Plug-ins bei Tumblr folgen oder einzelne Beitrage bzw. Seiten unseres Angebotes teilen.<\/p>\n<p>Mit dem Aufruf einer Webseite, die ein Tumblr-Plug-in enth\u00e4lt, wird eine Verbindung zu den Servern von Tumblr aufgebaut. Dabei \u00fcbermittelt Tumblr den Inhalt der Schaltfl\u00e4che direkt an den Browser des Nutzers. Auf den Umfang der Daten, die in diesem Zusammenhang von Tumblr erhoben werden, haben wir keinen Einfluss. Laut Tumblr werden nur die IP-Adresse und die URL der Webseite \u00fcbermittelt &#8211; und zwar ausschlie\u00dflich um die Schaltfl\u00e4che darstellen zu k\u00f6nnen. Die Datenschutzerkl\u00e4rung von Tumblr finden Sie hier: <a href=\"http:\/\/www.tumblr.com\/policy\/de\/privacy\">http:\/\/www.tumblr.com\/policy\/de\/privacy<\/a>.<\/p>\n<p><b>Flattr<\/b><\/p>\n<p>Wir verwenden auf unseren Webseiten Schaltfl\u00e4chen des Micropayment-Dienstes Flattr, zur Verf\u00fcgung gestellt von der Flattr Network Ltd. (Anschrift: 2nd Floor, White Bear Yard 114A, Clerkenwell Road, London, Middlesex, EC1R 5DF, Gro\u00dfbritannien).<\/p>\n<p>Rufen Sie eine Webseite mit Flattr-Schaltfl\u00e4che auf, wird eine Verbindung zu den Servern des Micropayment-Dienstes aufgebaut. Dabei speichert Flattr unter Umst\u00e4nden auch Daten von Personen, die nicht eingeloggt sind.<\/p>\n<p>Sofern Sie Nutzer von Flattr und eingeloggt sind, erh\u00e4lt der Dienst die Information, dass Sie die entsprechende Seite aufgerufen haben. Interagieren Sie als eingeloggter Nutzer von Flattr mit der Schaltfl\u00e4che, werden gem\u00e4\u00df der Flattr-Richtlinien weitere Information gespeichert. Sie dienen unter anderem der Abrechnung. Hinweise zur Datenverarbeitung bei Flattr erhalten Sie hier: <a href=\"https:\/\/flattr.com\/privacy\">https:\/\/flattr.com\/privacy<\/a>.<\/p>\n<p><b>Datensparsamkeit<\/b><\/p>\n<p>Personenbezogene Daten speichern wir gem\u00e4\u00df den Grunds\u00e4tzen der Datenvermeidung und Datensparsamkeit nur so lange, wie es erforderlich ist oder vom Gesetzgeber her vorgeschrieben wird (gesetzliche Speicherfrist). Entf\u00e4llt der Zweck der erhobenen Informationen oder endet die Speicherfrist, sperren oder l\u00f6schen wir die Daten.<\/p>\n<p><b>Ihre Rechte auf Auskunft, Berichtigung, Sperre, L\u00f6schung und Widerspruch<\/b><\/p>\n<p>Sie haben das Recht, auf Antrag unentgeltlich eine Auskunft, \u00fcber die bei uns gespeicherten personenbezogenen Daten, anzufordern und\/oder eine Berichtigung, Sperrung oder L\u00f6schung zu verlangen. Ausnahmen: Es handelt sich um die vorgeschriebene Datenspeicherung zur Gesch\u00e4ftsabwicklung oder die Daten unterliegen der gesetzlichen Aufbewahrungspflicht.<\/p>\n<p>F\u00fcr diese Zwecke kontaktieren Sie bitte unseren Datenschutzbeauftragen (Kontaktdaten: am Ende der Datenschutzerkl\u00e4rung).<\/p>\n<p>Um eine Datensperre jederzeit ber\u00fccksichtigen zu k\u00f6nnen, ist es erforderlich, die Daten f\u00fcr Kontrollzwecke in einer Sperrdatei vorzuhalten. Besteht keine gesetzliche Archivierungspflicht, k\u00f6nnen Sie auch die L\u00f6schung der Daten verlangen. Anderenfalls sperren wir die Daten, sofern Sie dies w\u00fcnschen.<\/p>\n<p><b>\u00c4nderung unserer Datenschutzerkl\u00e4rung<\/b><\/p>\n<p>Um zu gew\u00e4hrleisten, dass unsere Datenschutzerkl\u00e4rung stets den aktuellen gesetzlichen Vorgaben entspricht, behalten wir uns jederzeit \u00c4nderungen vor. Das gilt auch f\u00fcr den Fall, dass die Datenschutzerkl\u00e4rung aufgrund neuer oder \u00fcberarbeiteter Leistungen, zum Beispiel neuer Serviceleistungen, angepasst werden muss. Die neue Datenschutzerkl\u00e4rung greift dann bei Ihrem n\u00e4chsten Besuch auf unserem Angebot.<\/p>\n<p>Quelle: Datenschutz-Konfigurator von <a href=\"http:\/\/www.mein-datenschutzbeauftragter.de\/\">mein-datenschutzbeauftragter.de<\/a><\/p>\n","protected":false},"excerpt":{"rendered":"<p>Datenschutzerkl\u00e4rung Anbieter und verantwortliche Stelle im Sinne des Datenschutzgesetzes Sigrid Berndt Grimmaer Strasse 57 04683 Belgershain Geltungsbereich Nutzer erhalten mit dieser Datenschutzerkl\u00e4rung Information \u00fcber die Art, den Umfang und Zweck der Erhebung und Verwendung ihrer Daten durch den verantwortlichen Anbieter erhoben und verwendet werden. Den rechtlichen Rahmen f\u00fcr den Datenschutz bilden das Bundesdatenschutzgesetz (BDSG) und&hellip; <a class=\"more-link\" href=\"https:\/\/silvestertester.de\/?page_id=148\"><span class=\"screen-reader-text\">Datenschutz<\/span> weiterlesen<\/a><\/p>\n","protected":false},"author":1,"featured_media":0,"parent":112,"menu_order":0,"comment_status":"closed","ping_status":"closed","template":"","meta":[],"_links":{"self":[{"href":"https:\/\/silvestertester.de\/index.php?rest_route=\/wp\/v2\/pages\/148"}],"collection":[{"href":"https:\/\/silvestertester.de\/index.php?rest_route=\/wp\/v2\/pages"}],"about":[{"href":"https:\/\/silvestertester.de\/index.php?rest_route=\/wp\/v2\/types\/page"}],"author":[{"embeddable":true,"href":"https:\/\/silvestertester.de\/index.php?rest_route=\/wp\/v2\/users\/1"}],"replies":[{"embeddable":true,"href":"https:\/\/silvestertester.de\/index.php?rest_route=%2Fwp%2Fv2%2Fcomments&post=148"}],"version-history":[{"count":1,"href":"https:\/\/silvestertester.de\/index.php?rest_route=\/wp\/v2\/pages\/148\/revisions"}],"predecessor-version":[{"id":149,"href":"https:\/\/silvestertester.de\/index.php?rest_route=\/wp\/v2\/pages\/148\/revisions\/149"}],"up":[{"embeddable":true,"href":"https:\/\/silvestertester.de\/index.php?rest_route=\/wp\/v2\/pages\/112"}],"wp:attachment":[{"href":"https:\/\/silvestertester.de\/index.php?rest_route=%2Fwp%2Fv2%2Fmedia&parent=148"}],"curies":[{"name":"wp","href":"https:\/\/api.w.org\/{rel}","templated":true}]}}