{"id":5,"date":"2014-05-14T16:56:10","date_gmt":"2014-05-14T16:56:10","guid":{"rendered":"http:\/\/silvestertester.de\/?page_id=5"},"modified":"2018-01-13T21:32:32","modified_gmt":"2018-01-13T21:32:32","slug":"home","status":"publish","type":"page","link":"https:\/\/silvestertester.de\/","title":{"rendered":"Wir testen Hotel- Silvester &#8211; Arrangements !"},"content":{"rendered":"<h3><strong>In den letzten Jahren testeten wir 10 Wellnesshotels in verschieden Regionen in Deutschland und \u00d6sterreich jeweils \u00fcber Silvester. Dabei bewerteten wir das Hotel allgemein, den Service, den Wellnessbereich und die Wellnessangebote, die K\u00fcche, die Lage des Hotels und die damit verbundenen m\u00f6glichen Aktivit\u00e4ten sowie nat\u00fcrlich die Silvesterparty.<\/strong><\/h3>\n<p><strong>Dabei bewerteten jeweils 4 Personen mit Punktzahlen \u00a0von 1 bis 5 aufsteigend \u00a0die Rubriken<\/strong><\/p>\n<ul>\n<li><strong>Hotel- \u00a0Zimmer, Sauberkeit und Service\u00a0<\/strong><\/li>\n<li><strong>Speisen und Getr\u00e4nke- Angebot, Qualit\u00e4t und Quantit\u00e4t<\/strong><\/li>\n<li><strong>Wellnessangebote<\/strong><\/li>\n<li><strong>Silvesterarrangement<\/strong><\/li>\n<li><strong>sonstige angebotene Aktivit\u00e4ten<\/strong><\/li>\n<\/ul>\n<p>&nbsp;<\/p>\n<p>&nbsp;<\/p>\n<p>&nbsp;<\/p>\n","protected":false},"excerpt":{"rendered":"<p>In den letzten Jahren testeten wir 10 Wellnesshotels in verschieden Regionen in Deutschland und \u00d6sterreich jeweils \u00fcber Silvester. Dabei bewerteten wir das Hotel allgemein, den Service, den Wellnessbereich und die Wellnessangebote, die K\u00fcche, die Lage des Hotels und die damit verbundenen m\u00f6glichen Aktivit\u00e4ten sowie nat\u00fcrlich die Silvesterparty. Dabei bewerteten jeweils 4 Personen mit Punktzahlen \u00a0von&hellip; <a class=\"more-link\" href=\"https:\/\/silvestertester.de\/\"><span class=\"screen-reader-text\">Wir testen Hotel- Silvester &#8211; Arrangements !<\/span> weiterlesen<\/a><\/p>\n","protected":false},"author":1,"featured_media":17,"parent":0,"menu_order":0,"comment_status":"open","ping_status":"open","template":"","meta":[],"_links":{"self":[{"href":"https:\/\/silvestertester.de\/index.php?rest_route=\/wp\/v2\/pages\/5"}],"collection":[{"href":"https:\/\/silvestertester.de\/index.php?rest_route=\/wp\/v2\/pages"}],"about":[{"href":"https:\/\/silvestertester.de\/index.php?rest_route=\/wp\/v2\/types\/page"}],"author":[{"embeddable":true,"href":"https:\/\/silvestertester.de\/index.php?rest_route=\/wp\/v2\/users\/1"}],"replies":[{"embeddable":true,"href":"https:\/\/silvestertester.de\/index.php?rest_route=%2Fwp%2Fv2%2Fcomments&post=5"}],"version-history":[{"count":13,"href":"https:\/\/silvestertester.de\/index.php?rest_route=\/wp\/v2\/pages\/5\/revisions"}],"predecessor-version":[{"id":144,"href":"https:\/\/silvestertester.de\/index.php?rest_route=\/wp\/v2\/pages\/5\/revisions\/144"}],"wp:featuredmedia":[{"embeddable":true,"href":"https:\/\/silvestertester.de\/index.php?rest_route=\/wp\/v2\/media\/17"}],"wp:attachment":[{"href":"https:\/\/silvestertester.de\/index.php?rest_route=%2Fwp%2Fv2%2Fmedia&parent=5"}],"curies":[{"name":"wp","href":"https:\/\/api.w.org\/{rel}","templated":true}]}}